{"id":20,"date":"2025-03-03T13:22:14","date_gmt":"2025-03-03T13:22:14","guid":{"rendered":"https:\/\/rakennuspalvelumiskala.fi\/dev\/?page_id=20"},"modified":"2026-03-11T19:04:51","modified_gmt":"2026-03-11T19:04:51","slug":"etusivu","status":"publish","type":"page","link":"https:\/\/rakennuspalvelumiskala.fi\/","title":{"rendered":"Etusivu"},"content":{"rendered":"\t\t<div data-elementor-type=\"wp-page\" data-elementor-id=\"20\" class=\"elementor elementor-20\" data-elementor-post-type=\"page\">\n\t\t\t\t<div class=\"elementor-element elementor-element-83da656 animated-slow e-flex e-con-boxed e-con e-parent\" data-id=\"83da656\" data-element_type=\"container\" data-settings=\"{&quot;background_background&quot;:&quot;classic&quot;,&quot;animation&quot;:&quot;none&quot;}\">\n\t\t\t\t\t<div class=\"e-con-inner\">\n\t\t<div class=\"elementor-element elementor-element-5b2e654 e-con-full animated-slow e-flex e-con e-child\" data-id=\"5b2e654\" data-element_type=\"container\" data-settings=\"{&quot;animation&quot;:&quot;none&quot;}\">\n\t\t\t\t<div class=\"elementor-element elementor-element-6795971 animated-slow elementor-widget-tablet__width-initial elementor-invisible elementor-widget elementor-widget-image\" data-id=\"6795971\" data-element_type=\"widget\" data-settings=\"{&quot;_animation&quot;:&quot;fadeInUp&quot;,&quot;_animation_delay&quot;:0}\" data-widget_type=\"image.default\">\n\t\t\t\t<div class=\"elementor-widget-container\">\n\t\t\t\t\t\t\t\t\t\t\t\t\t\t\t<img fetchpriority=\"high\" decoding=\"async\" width=\"977\" height=\"340\" src=\"https:\/\/rakennuspalvelumiskala.fi\/wp-content\/uploads\/2025\/03\/miskalalogowhite.png\" class=\"attachment-large size-large wp-image-46\" alt=\"\" srcset=\"https:\/\/rakennuspalvelumiskala.fi\/wp-content\/uploads\/2025\/03\/miskalalogowhite.png 977w, https:\/\/rakennuspalvelumiskala.fi\/wp-content\/uploads\/2025\/03\/miskalalogowhite-300x104.png 300w, https:\/\/rakennuspalvelumiskala.fi\/wp-content\/uploads\/2025\/03\/miskalalogowhite-768x267.png 768w\" sizes=\"(max-width: 977px) 100vw, 977px\" \/>\t\t\t\t\t\t\t\t\t\t\t\t\t\t\t<\/div>\n\t\t\t\t<\/div>\n\t\t\t\t<\/div>\n\t\t<div class=\"elementor-element elementor-element-39a3a85 e-con-full e-flex e-con e-child\" data-id=\"39a3a85\" data-element_type=\"container\" data-settings=\"{&quot;motion_fx_motion_fx_scrolling&quot;:&quot;yes&quot;,&quot;motion_fx_devices&quot;:[&quot;desktop&quot;,&quot;tablet&quot;,&quot;mobile&quot;]}\">\n\t\t<div class=\"elementor-element elementor-element-bdba68d e-con-full animated-slow e-flex elementor-invisible e-con e-child\" data-id=\"bdba68d\" data-element_type=\"container\" data-settings=\"{&quot;background_background&quot;:&quot;classic&quot;,&quot;animation&quot;:&quot;fadeInLeft&quot;}\">\n\t\t\t\t<div class=\"elementor-element elementor-element-ec24770 elementor-widget elementor-widget-text-editor\" data-id=\"ec24770\" data-element_type=\"widget\" data-widget_type=\"text-editor.default\">\n\t\t\t\t<div class=\"elementor-widget-container\">\n\t\t\t\t\t\t\t\t\t<h1><span class=\"palette-color1-4\">Sinulla on idea &#8211; Tehd\u00e4\u00e4n siit\u00e4 totta!<br \/><\/span><\/h1>\t\t\t\t\t\t\t\t<\/div>\n\t\t\t\t<\/div>\n\t\t\t\t<\/div>\n\t\t<div class=\"elementor-element elementor-element-1a9bf9f e-con-full e-flex e-con e-child\" data-id=\"1a9bf9f\" data-element_type=\"container\">\n\t\t<div class=\"elementor-element elementor-element-ed9171f e-con-full animated-slow e-flex elementor-invisible e-con e-child\" data-id=\"ed9171f\" data-element_type=\"container\" data-settings=\"{&quot;background_background&quot;:&quot;classic&quot;,&quot;animation&quot;:&quot;fadeInUp&quot;,&quot;animation_delay&quot;:100}\">\n\t\t\t\t<div class=\"elementor-element elementor-element-ba90cdf elementor-widget__width-initial elementor-widget elementor-widget-text-editor\" data-id=\"ba90cdf\" data-element_type=\"widget\" data-widget_type=\"text-editor.default\">\n\t\t\t\t<div class=\"elementor-widget-container\">\n\t\t\t\t\t\t\t\t\t<p>Rakennuspalvelu Miskala Oy tuottaa laadukkaita rakentamisen ja remontoinnin palveluja kotona, m\u00f6kill\u00e4 ja pihalla.<\/p><p>Olipa sitten kyse uudisrakennuksesta tai remontista, ota rohkeasti yhteytt\u00e4 niin aloitetaan maksuttomalla kartoituksella. Alkukartoituksessa k\u00e4ymme maksutta (Rautalampi +20km) paikan p\u00e4\u00e4ll\u00e4 katsomassa kohteen ja arvioimassa ty\u00f6m\u00e4\u00e4r\u00e4n. Kartoitus ei sido sinua viel\u00e4 mihink\u00e4\u00e4n!<\/p><p>Meilt\u00e4 saat kaikki rakentamisen palvelut ja v\u00e4h\u00e4n lis\u00e4\u00e4. Reilulla meiningill\u00e4 ja asiakkaan etu edell\u00e4.<\/p><p>Toiminta-alueina Rautalampi, Suonenjoki ja muut l\u00e4hikunnat.<\/p>\t\t\t\t\t\t\t\t<\/div>\n\t\t\t\t<\/div>\n\t\t\t\t<\/div>\n\t\t<div class=\"elementor-element elementor-element-0cfca4d e-con-full animated-slow e-flex elementor-invisible e-con e-child\" data-id=\"0cfca4d\" data-element_type=\"container\" data-settings=\"{&quot;background_background&quot;:&quot;classic&quot;,&quot;animation&quot;:&quot;fadeInRight&quot;,&quot;animation_delay&quot;:250}\">\n\t\t\t\t<div class=\"elementor-element elementor-element-4678f04 elementor-widget elementor-widget-image\" data-id=\"4678f04\" data-element_type=\"widget\" data-widget_type=\"image.default\">\n\t\t\t\t<div class=\"elementor-widget-container\">\n\t\t\t\t\t\t\t\t\t\t\t\t\t\t\t<img fetchpriority=\"high\" decoding=\"async\" width=\"977\" height=\"340\" src=\"https:\/\/rakennuspalvelumiskala.fi\/wp-content\/uploads\/2025\/03\/miskalalogowhite.png\" class=\"attachment-large size-large wp-image-46\" alt=\"\" srcset=\"https:\/\/rakennuspalvelumiskala.fi\/wp-content\/uploads\/2025\/03\/miskalalogowhite.png 977w, https:\/\/rakennuspalvelumiskala.fi\/wp-content\/uploads\/2025\/03\/miskalalogowhite-300x104.png 300w, https:\/\/rakennuspalvelumiskala.fi\/wp-content\/uploads\/2025\/03\/miskalalogowhite-768x267.png 768w\" sizes=\"(max-width: 977px) 100vw, 977px\" \/>\t\t\t\t\t\t\t\t\t\t\t\t\t\t\t<\/div>\n\t\t\t\t<\/div>\n\t\t\t\t<\/div>\n\t\t\t\t<\/div>\n\t\t<div class=\"elementor-element elementor-element-45b96ab e-con-full e-flex elementor-invisible e-con e-child\" data-id=\"45b96ab\" data-element_type=\"container\" data-settings=\"{&quot;background_background&quot;:&quot;classic&quot;,&quot;animation&quot;:&quot;fadeInRight&quot;}\">\n\t\t\t\t<div class=\"elementor-element elementor-element-8d8a5ec elementor-widget elementor-widget-text-editor\" data-id=\"8d8a5ec\" data-element_type=\"widget\" data-widget_type=\"text-editor.default\">\n\t\t\t\t<div class=\"elementor-widget-container\">\n\t\t\t\t\t\t\t\t\t<h1><span class=\"palette-color1-4\">Viihdy kotona ja m\u00f6kill\u00e4!<br \/><\/span><\/h1>\t\t\t\t\t\t\t\t<\/div>\n\t\t\t\t<\/div>\n\t\t\t\t<\/div>\n\t\t<div class=\"elementor-element elementor-element-5d0b12b e-con-full e-flex e-con e-child\" data-id=\"5d0b12b\" data-element_type=\"container\">\n\t\t<div class=\"elementor-element elementor-element-d905930 e-con-full e-flex elementor-invisible e-con e-child\" data-id=\"d905930\" data-element_type=\"container\" data-settings=\"{&quot;background_background&quot;:&quot;classic&quot;,&quot;animation&quot;:&quot;fadeInUp&quot;,&quot;animation_delay&quot;:250}\">\n\t\t\t\t<div class=\"elementor-element elementor-element-76a9f78 elementor-widget elementor-widget-heading\" data-id=\"76a9f78\" data-element_type=\"widget\" data-widget_type=\"heading.default\">\n\t\t\t\t<div class=\"elementor-widget-container\">\n\t\t\t\t\t<h2 class=\"elementor-heading-title elementor-size-default\">Juuri niin kuin Sin\u00e4 haluat<\/h2>\t\t\t\t<\/div>\n\t\t\t\t<\/div>\n\t\t\t\t<div class=\"elementor-element elementor-element-b588f0b elementor-widget__width-initial elementor-widget elementor-widget-text-editor\" data-id=\"b588f0b\" data-element_type=\"widget\" data-widget_type=\"text-editor.default\">\n\t\t\t\t<div class=\"elementor-widget-container\">\n\t\t\t\t\t\t\t\t\t<p>Rakentamispalveluihimme kuuluvat niin isot kuin pienetkin ty\u00f6t. <br \/>Aina perustuksista viimeiseen listaan.<\/p><p>Rakennamme uutta ja korjaamme vanhaa kokemuksella ja n\u00e4kemyksell\u00e4. Uudistamme kylpp\u00e4rit, keitti\u00f6t, saunat, m\u00f6kit, piharakennukset ja terassit. Ja kaiken silt\u00e4 v\u00e4lilt\u00e4. Takuulla.<\/p><p>Kun suunnittelet remonttia tai rakentamista, ota rohkeasti yhteytt\u00e4!<\/p><p>K\u00e4ymme maksutta kartoittamassa kohteen tarjousta varten.<\/p>\t\t\t\t\t\t\t\t<\/div>\n\t\t\t\t<\/div>\n\t\t\t\t<div class=\"elementor-element elementor-element-3f924b8 elementor-absolute e-transform elementor-view-default elementor-invisible elementor-widget elementor-widget-icon\" data-id=\"3f924b8\" data-element_type=\"widget\" data-settings=\"{&quot;_position&quot;:&quot;absolute&quot;,&quot;motion_fx_motion_fx_mouse&quot;:&quot;yes&quot;,&quot;motion_fx_mouseTrack_effect&quot;:&quot;yes&quot;,&quot;motion_fx_mouseTrack_speed&quot;:{&quot;unit&quot;:&quot;px&quot;,&quot;size&quot;:0.4,&quot;sizes&quot;:[]},&quot;_animation&quot;:&quot;fadeIn&quot;,&quot;_transform_rotateZ_effect_hover&quot;:{&quot;unit&quot;:&quot;px&quot;,&quot;size&quot;:35,&quot;sizes&quot;:[]},&quot;_transform_rotateZ_effect_hover_tablet&quot;:{&quot;unit&quot;:&quot;deg&quot;,&quot;size&quot;:&quot;&quot;,&quot;sizes&quot;:[]},&quot;_transform_rotateZ_effect_hover_mobile&quot;:{&quot;unit&quot;:&quot;deg&quot;,&quot;size&quot;:&quot;&quot;,&quot;sizes&quot;:[]}}\" data-widget_type=\"icon.default\">\n\t\t\t\t<div class=\"elementor-widget-container\">\n\t\t\t\t\t\t\t<div class=\"elementor-icon-wrapper\">\n\t\t\t<div class=\"elementor-icon\">\n\t\t\t<svg aria-hidden=\"true\" class=\"e-font-icon-svg e-fas-hammer\" viewBox=\"0 0 576 512\" xmlns=\"http:\/\/www.w3.org\/2000\/svg\"><path d=\"M571.31 193.94l-22.63-22.63c-6.25-6.25-16.38-6.25-22.63 0l-11.31 11.31-28.9-28.9c5.63-21.31.36-44.9-16.35-61.61l-45.25-45.25c-62.48-62.48-163.79-62.48-226.28 0l90.51 45.25v18.75c0 16.97 6.74 33.25 18.75 45.25l49.14 49.14c16.71 16.71 40.3 21.98 61.61 16.35l28.9 28.9-11.31 11.31c-6.25 6.25-6.25 16.38 0 22.63l22.63 22.63c6.25 6.25 16.38 6.25 22.63 0l90.51-90.51c6.23-6.24 6.23-16.37-.02-22.62zm-286.72-15.2c-3.7-3.7-6.84-7.79-9.85-11.95L19.64 404.96c-25.57 23.88-26.26 64.19-1.53 88.93s65.05 24.05 88.93-1.53l238.13-255.07c-3.96-2.91-7.9-5.87-11.44-9.41l-49.14-49.14z\"><\/path><\/svg>\t\t\t<\/div>\n\t\t<\/div>\n\t\t\t\t\t\t<\/div>\n\t\t\t\t<\/div>\n\t\t\t\t<\/div>\n\t\t<div class=\"elementor-element elementor-element-f3afd71 e-con-full e-flex elementor-invisible e-con e-child\" data-id=\"f3afd71\" data-element_type=\"container\" data-settings=\"{&quot;background_background&quot;:&quot;classic&quot;,&quot;animation&quot;:&quot;fadeInUp&quot;}\">\n\t\t\t\t<div class=\"elementor-element elementor-element-cd71411 elementor-widget elementor-widget-image\" data-id=\"cd71411\" data-element_type=\"widget\" data-widget_type=\"image.default\">\n\t\t\t\t<div class=\"elementor-widget-container\">\n\t\t\t\t\t\t\t\t\t\t\t\t\t\t\t<img fetchpriority=\"high\" decoding=\"async\" width=\"977\" height=\"340\" src=\"https:\/\/rakennuspalvelumiskala.fi\/wp-content\/uploads\/2025\/03\/miskalalogowhite.png\" class=\"attachment-large size-large wp-image-46\" alt=\"\" srcset=\"https:\/\/rakennuspalvelumiskala.fi\/wp-content\/uploads\/2025\/03\/miskalalogowhite.png 977w, https:\/\/rakennuspalvelumiskala.fi\/wp-content\/uploads\/2025\/03\/miskalalogowhite-300x104.png 300w, https:\/\/rakennuspalvelumiskala.fi\/wp-content\/uploads\/2025\/03\/miskalalogowhite-768x267.png 768w\" sizes=\"(max-width: 977px) 100vw, 977px\" \/>\t\t\t\t\t\t\t\t\t\t\t\t\t\t\t<\/div>\n\t\t\t\t<\/div>\n\t\t\t\t<\/div>\n\t\t\t\t<\/div>\n\t\t<div class=\"elementor-element elementor-element-4f4c6ee e-con-full e-flex e-con e-child\" data-id=\"4f4c6ee\" data-element_type=\"container\">\n\t\t<div class=\"elementor-element elementor-element-37d1283 e-con-full e-flex e-con e-child\" data-id=\"37d1283\" data-element_type=\"container\" data-settings=\"{&quot;background_background&quot;:&quot;classic&quot;}\">\n\t\t\t\t<div class=\"elementor-element elementor-element-9c7af6b elementor-widget elementor-widget-text-editor\" data-id=\"9c7af6b\" data-element_type=\"widget\" data-widget_type=\"text-editor.default\">\n\t\t\t\t<div class=\"elementor-widget-container\">\n\t\t\t\t\t\t\t\t\t<h1><span class=\"palette-color1-4\">0400 540 961<\/span><\/h1>\t\t\t\t\t\t\t\t<\/div>\n\t\t\t\t<\/div>\n\t\t\t\t<\/div>\n\t\t<div class=\"elementor-element elementor-element-0b31392 e-con-full animated-slow e-flex elementor-invisible e-con e-child\" data-id=\"0b31392\" data-element_type=\"container\" data-settings=\"{&quot;background_background&quot;:&quot;classic&quot;,&quot;animation&quot;:&quot;bounce&quot;}\">\n\t\t\t\t<div class=\"elementor-element elementor-element-231b538 elementor-widget elementor-widget-text-editor\" data-id=\"231b538\" data-element_type=\"widget\" data-widget_type=\"text-editor.default\">\n\t\t\t\t<div class=\"elementor-widget-container\">\n\t\t\t\t\t\t\t\t\t<h1><span class=\"palette-color1-4\">Soita ja kysy lis\u00e4\u00e4!<br \/><\/span><\/h1>\t\t\t\t\t\t\t\t<\/div>\n\t\t\t\t<\/div>\n\t\t\t\t<\/div>\n\t\t\t\t<\/div>\n\t\t<div class=\"elementor-element elementor-element-3158056 e-con-full e-flex e-con e-child\" data-id=\"3158056\" data-element_type=\"container\" data-settings=\"{&quot;background_background&quot;:&quot;classic&quot;}\">\n\t\t<div class=\"elementor-element elementor-element-5c83c4f e-grid e-con-full e-con e-child\" data-id=\"5c83c4f\" data-element_type=\"container\">\n\t\t\t\t<div class=\"elementor-element elementor-element-d289e71 elementor-widget__width-initial elementor-widget elementor-widget-text-editor\" data-id=\"d289e71\" data-element_type=\"widget\" data-widget_type=\"text-editor.default\">\n\t\t\t\t<div class=\"elementor-widget-container\">\n\t\t\t\t\t\t\t\t\t<p><b>Rakennuspalvelu Miskala Oy<\/b><\/p><p>Mika Miskala<br \/><em>Rakentaminen &amp; Remontit<\/em><br \/>0400 540961<\/p><p><span style=\"text-align: var(--text-align);\">posti@rakennuspalvelumiskala.fi<br \/><\/span><span style=\"text-align: var(--text-align);\"><br \/>Korholantie 145<br \/><\/span><span style=\"text-align: var(--text-align);\">77700 Rautalampi<\/span><\/p>\t\t\t\t\t\t\t\t<\/div>\n\t\t\t\t<\/div>\n\t\t\t\t<div class=\"elementor-element elementor-element-9a5c977 elementor-widget__width-initial elementor-widget elementor-widget-google_maps\" data-id=\"9a5c977\" data-element_type=\"widget\" data-widget_type=\"google_maps.default\">\n\t\t\t\t<div class=\"elementor-widget-container\">\n\t\t\t\t\t\t\t<div class=\"elementor-custom-embed\">\n\t\t\t<iframe loading=\"lazy\"\n\t\t\t\t\tsrc=\"https:\/\/maps.google.com\/maps?q=rautalampi&#038;t=m&#038;z=10&#038;output=embed&#038;iwloc=near\"\n\t\t\t\t\ttitle=\"rautalampi\"\n\t\t\t\t\taria-label=\"rautalampi\"\n\t\t\t><\/iframe>\n\t\t<\/div>\n\t\t\t\t\t\t<\/div>\n\t\t\t\t<\/div>\n\t\t\t\t<div class=\"elementor-element elementor-element-ec12261 elementor-button-align-stretch elementor-widget elementor-widget-form\" data-id=\"ec12261\" data-element_type=\"widget\" data-settings=\"{&quot;step_next_label&quot;:&quot;Next&quot;,&quot;step_previous_label&quot;:&quot;Previous&quot;,&quot;button_width&quot;:&quot;100&quot;,&quot;step_type&quot;:&quot;number_text&quot;,&quot;step_icon_shape&quot;:&quot;circle&quot;}\" data-widget_type=\"form.default\">\n\t\t\t\t<div class=\"elementor-widget-container\">\n\t\t\t\t\t\t\t<form class=\"elementor-form\" method=\"post\" name=\"New Form\">\n\t\t\t<input type=\"hidden\" name=\"post_id\" value=\"20\"\/>\n\t\t\t<input type=\"hidden\" name=\"form_id\" value=\"ec12261\"\/>\n\t\t\t<input type=\"hidden\" name=\"referer_title\" value=\"\" \/>\n\n\t\t\t\t\t\t\t<input type=\"hidden\" name=\"queried_id\" value=\"20\"\/>\n\t\t\t\n\t\t\t<div class=\"elementor-form-fields-wrapper elementor-labels-above\">\n\t\t\t\t\t\t\t\t<div class=\"elementor-field-type-text elementor-field-group elementor-column elementor-field-group-name elementor-col-100\">\n\t\t\t\t\t\t\t\t\t\t\t\t<label for=\"form-field-name\" class=\"elementor-field-label\">\n\t\t\t\t\t\t\t\tNimi\t\t\t\t\t\t\t<\/label>\n\t\t\t\t\t\t\t\t\t\t\t\t\t\t<input size=\"1\" type=\"text\" name=\"form_fields[name]\" id=\"form-field-name\" class=\"elementor-field elementor-size-sm  elementor-field-textual\" placeholder=\"Name\">\n\t\t\t\t\t\t\t\t\t\t\t<\/div>\n\t\t\t\t\t\t\t\t<div class=\"elementor-field-type-email elementor-field-group elementor-column elementor-field-group-email elementor-col-100 elementor-field-required\">\n\t\t\t\t\t\t\t\t\t\t\t\t<label for=\"form-field-email\" class=\"elementor-field-label\">\n\t\t\t\t\t\t\t\tS\u00e4hk\u00f6postiosoite\t\t\t\t\t\t\t<\/label>\n\t\t\t\t\t\t\t\t\t\t\t\t\t\t<input size=\"1\" type=\"email\" name=\"form_fields[email]\" id=\"form-field-email\" class=\"elementor-field elementor-size-sm  elementor-field-textual\" placeholder=\"Email\" required=\"required\" aria-required=\"true\">\n\t\t\t\t\t\t\t\t\t\t\t<\/div>\n\t\t\t\t\t\t\t\t<div class=\"elementor-field-type-textarea elementor-field-group elementor-column elementor-field-group-message elementor-col-100\">\n\t\t\t\t\t\t\t\t\t\t\t\t<label for=\"form-field-message\" class=\"elementor-field-label\">\n\t\t\t\t\t\t\t\tViesti\t\t\t\t\t\t\t<\/label>\n\t\t\t\t\t\t<textarea class=\"elementor-field-textual elementor-field  elementor-size-sm\" name=\"form_fields[message]\" id=\"form-field-message\" rows=\"4\" placeholder=\"Message\"><\/textarea>\t\t\t\t<\/div>\n\t\t\t\t\t\t\t\t<div class=\"elementor-field-group elementor-column elementor-field-type-submit elementor-col-100 e-form__buttons\">\n\t\t\t\t\t<button class=\"elementor-button elementor-size-sm\" type=\"submit\">\n\t\t\t\t\t\t<span class=\"elementor-button-content-wrapper\">\n\t\t\t\t\t\t\t\t\t\t\t\t\t\t\t\t\t\t\t\t\t\t<span class=\"elementor-button-text\">L\u00e4het\u00e4<\/span>\n\t\t\t\t\t\t\t\t\t\t\t\t\t<\/span>\n\t\t\t\t\t<\/button>\n\t\t\t\t<\/div>\n\t\t\t<\/div>\n\t\t<\/form>\n\t\t\t\t\t\t<\/div>\n\t\t\t\t<\/div>\n\t\t\t\t<\/div>\n\t\t\t\t<\/div>\n\t\t\t\t<\/div>\n\t\t\t\t\t<\/div>\n\t\t\t\t<\/div>\n\t\t<div class=\"elementor-element elementor-element-5fd8aaf e-flex e-con-boxed e-con e-parent\" data-id=\"5fd8aaf\" data-element_type=\"container\">\n\t\t\t\t\t<div class=\"e-con-inner\">\n\t\t\t\t<div class=\"elementor-element elementor-element-b1bc823 elementor-widget elementor-widget-heading\" data-id=\"b1bc823\" data-element_type=\"widget\" data-widget_type=\"heading.default\">\n\t\t\t\t<div class=\"elementor-widget-container\">\n\t\t\t\t\t<h2 class=\"elementor-heading-title elementor-size-default\">Hinnasto<\/h2>\t\t\t\t<\/div>\n\t\t\t\t<\/div>\n\t\t\t\t\t<\/div>\n\t\t\t\t<\/div>\n\t\t<div class=\"elementor-element elementor-element-9df88aa e-grid e-con-boxed e-con e-parent\" data-id=\"9df88aa\" data-element_type=\"container\">\n\t\t\t\t\t<div class=\"e-con-inner\">\n\t\t\t\t<div class=\"elementor-element elementor-element-7bb5cbc elementor-widget__width-initial elementor-widget elementor-widget-text-editor\" data-id=\"7bb5cbc\" data-element_type=\"widget\" data-widget_type=\"text-editor.default\">\n\t\t\t\t<div class=\"elementor-widget-container\">\n\t\t\t\t\t\t\t\t\t<p>Rakentaminen ja remontit 53 \u20ac\/henkil\u00f6\/h (sis. alv 25,5 %)<\/p><p>Kartoitusk\u00e4ynti kohteessa l\u00e4hialueilla (Rautalampi +20km) maksutta, muut tuntiveloituksena<\/p>\t\t\t\t\t\t\t\t<\/div>\n\t\t\t\t<\/div>\n\t\t\t\t<div class=\"elementor-element elementor-element-df2c985 elementor-widget__width-initial elementor-widget elementor-widget-text-editor\" data-id=\"df2c985\" data-element_type=\"widget\" data-widget_type=\"text-editor.default\">\n\t\t\t\t<div class=\"elementor-widget-container\">\n\t\t\t\t\t\t\t\t\t<p><strong>Kilometrikorvaus<br \/><br \/><\/strong>Rautalammin taajama-alueella tehdyist\u00e4 t\u00f6ist\u00e4 emme veloita matkakuluja, mutta muutoin veloitus on 0,70 euroa\/km.<\/p>\t\t\t\t\t\t\t\t<\/div>\n\t\t\t\t<\/div>\n\t\t\t\t<div class=\"elementor-element elementor-element-e61adf4 elementor-widget__width-initial elementor-widget elementor-widget-text-editor\" data-id=\"e61adf4\" data-element_type=\"widget\" data-widget_type=\"text-editor.default\">\n\t\t\t\t<div class=\"elementor-widget-container\">\n\t\t\t\t\t\t\t\t\t<p>Teemme ty\u00f6t sopimuksen mukaan joko urakka- tai tuntihinnalla. Minimiveloitus on 1h.<\/p>\t\t\t\t\t\t\t\t<\/div>\n\t\t\t\t<\/div>\n\t\t\t\t\t<\/div>\n\t\t\t\t<\/div>\n\t\t<div class=\"elementor-element elementor-element-4b1d9d7 e-flex e-con-boxed e-con e-parent\" data-id=\"4b1d9d7\" data-element_type=\"container\">\n\t\t\t\t\t<div class=\"e-con-inner\">\n\t\t\t\t<div class=\"elementor-element elementor-element-c70f5ee elementor-widget elementor-widget-heading\" data-id=\"c70f5ee\" data-element_type=\"widget\" data-widget_type=\"heading.default\">\n\t\t\t\t<div class=\"elementor-widget-container\">\n\t\t\t\t\t<h2 class=\"elementor-heading-title elementor-size-default\">Laskutustiedot<\/h2>\t\t\t\t<\/div>\n\t\t\t\t<\/div>\n\t\t\t\t\t<\/div>\n\t\t\t\t<\/div>\n\t\t<div class=\"elementor-element elementor-element-1ce1ad1 e-grid e-con-boxed e-con e-parent\" data-id=\"1ce1ad1\" data-element_type=\"container\">\n\t\t\t\t\t<div class=\"e-con-inner\">\n\t\t\t\t<div class=\"elementor-element elementor-element-d9cfb98 elementor-widget__width-initial elementor-widget elementor-widget-text-editor\" data-id=\"d9cfb98\" data-element_type=\"widget\" data-widget_type=\"text-editor.default\">\n\t\t\t\t<div class=\"elementor-widget-container\">\n\t\t\t\t\t\t\t\t\t<p>Verkkolaskuosoite: <wbr \/>003726810773001<br \/>Operaattori: Maventa<br \/>V\u00e4litt\u00e4j\u00e4tunnus: 003721291126<br \/>y-tunnus: 2681077-3<\/p>\t\t\t\t\t\t\t\t<\/div>\n\t\t\t\t<\/div>\n\t\t\t\t<div class=\"elementor-element elementor-element-a870e6d elementor-widget__width-initial elementor-widget elementor-widget-text-editor\" data-id=\"a870e6d\" data-element_type=\"widget\" data-widget_type=\"text-editor.default\">\n\t\t\t\t<div class=\"elementor-widget-container\">\n\t\t\t\t\t\t\t\t\t<p><b>PDF-laskut<\/b>\u00a0liitetiedostoina osoitteella\u00a0<a href=\"mailto:invoice-26810773001@kollektor.fi\" target=\"_blank\" rel=\"noopener\">invoice-26810773001@kollektor.<wbr \/>fi<\/a><\/p>\t\t\t\t\t\t\t\t<\/div>\n\t\t\t\t<\/div>\n\t\t\t\t<div class=\"elementor-element elementor-element-7965a01 elementor-widget__width-initial elementor-widget elementor-widget-text-editor\" data-id=\"7965a01\" data-element_type=\"widget\" data-widget_type=\"text-editor.default\">\n\t\t\t\t<div class=\"elementor-widget-container\">\n\t\t\t\t\t\t\t\t\t<p><b>Paperiset laskut:<br \/><\/b>Rakennuspalvelu Miskala Oy<br \/>26810773001<br \/>PL 100<br \/>80020 Kollektor Scan<\/p>\t\t\t\t\t\t\t\t<\/div>\n\t\t\t\t<\/div>\n\t\t\t\t\t<\/div>\n\t\t\t\t<\/div>\n\t\t\t\t<\/div>\n\t\t","protected":false},"excerpt":{"rendered":"<p>Sinulla on idea &#8211; Tehd\u00e4\u00e4n siit\u00e4 totta! Rakennuspalvelu Miskala Oy tuottaa laadukkaita rakentamisen ja remontoinnin palveluja kotona, m\u00f6kill\u00e4 ja pihalla. Olipa sitten kyse uudisrakennuksesta tai remontista, ota rohkeasti yhteytt\u00e4 niin aloitetaan maksuttomalla kartoituksella. Alkukartoituksessa k\u00e4ymme maksutta (Rautalampi +20km) paikan p\u00e4\u00e4ll\u00e4 katsomassa kohteen ja arvioimassa ty\u00f6m\u00e4\u00e4r\u00e4n. Kartoitus ei sido sinua viel\u00e4 mihink\u00e4\u00e4n! Meilt\u00e4 saat kaikki rakentamisen [&hellip;]<\/p>\n","protected":false},"author":1,"featured_media":0,"parent":0,"menu_order":0,"comment_status":"closed","ping_status":"closed","template":"","meta":{"footnotes":""},"class_list":["post-20","page","type-page","status-publish","hentry"],"_links":{"self":[{"href":"https:\/\/rakennuspalvelumiskala.fi\/index.php\/wp-json\/wp\/v2\/pages\/20","targetHints":{"allow":["GET"]}}],"collection":[{"href":"https:\/\/rakennuspalvelumiskala.fi\/index.php\/wp-json\/wp\/v2\/pages"}],"about":[{"href":"https:\/\/rakennuspalvelumiskala.fi\/index.php\/wp-json\/wp\/v2\/types\/page"}],"author":[{"embeddable":true,"href":"https:\/\/rakennuspalvelumiskala.fi\/index.php\/wp-json\/wp\/v2\/users\/1"}],"replies":[{"embeddable":true,"href":"https:\/\/rakennuspalvelumiskala.fi\/index.php\/wp-json\/wp\/v2\/comments?post=20"}],"version-history":[{"count":152,"href":"https:\/\/rakennuspalvelumiskala.fi\/index.php\/wp-json\/wp\/v2\/pages\/20\/revisions"}],"predecessor-version":[{"id":206,"href":"https:\/\/rakennuspalvelumiskala.fi\/index.php\/wp-json\/wp\/v2\/pages\/20\/revisions\/206"}],"wp:attachment":[{"href":"https:\/\/rakennuspalvelumiskala.fi\/index.php\/wp-json\/wp\/v2\/media?parent=20"}],"curies":[{"name":"wp","href":"https:\/\/api.w.org\/{rel}","templated":true}]}}